{"id":332,"date":"2022-03-03T16:42:33","date_gmt":"2022-03-03T16:42:33","guid":{"rendered":"http:\/\/www.perfectplaceestepona.com\/?page_id=332"},"modified":"2024-08-25T13:02:04","modified_gmt":"2024-08-25T13:02:04","slug":"news","status":"publish","type":"page","link":"https:\/\/www.perfectplaceestepona.com\/cs\/news\/","title":{"rendered":"News"},"content":{"rendered":"<div id=\"fws_69fb3cf254469\"  data-column-margin=\"default\" data-midnight=\"dark\"  class=\"wpb_row vc_row-fluid vc_row\"  style=\"padding-top: 0px; padding-bottom: 0px; \"><div class=\"row-bg-wrap\" data-bg-animation=\"none\" data-bg-overlay=\"false\"><div class=\"inner-wrap\"><div class=\"row-bg viewport-desktop\"  style=\"\"><\/div><\/div><\/div><div class=\"row_col_wrap_12 col span_12 dark left\">\n\t<div  class=\"vc_col-sm-12 wpb_column column_container vc_column_container col no-extra-padding inherit_tablet inherit_phone\"  data-padding-pos=\"all\" data-has-bg-color=\"false\" data-bg-color=\"\" data-bg-opacity=\"1\" data-animation=\"\" data-delay=\"0\" >\n\t\t<div class=\"vc_column-inner\" >\n\t\t\t<div class=\"wpb_wrapper\">\n\t\t\t\t<div class=\"col span_12 section-title text-align-center extra-padding\"><h2>News<\/h2><\/div><div class=\"clear\"><\/div><div class='nectar-post-grid-wrap text-color-dark spacing-25px' data-el-settings='{\"post_type\":\"post\",\"pagination\":\"load-more\",\"image_size\":\"large\",\"aspect_ratio_image_size\":\"\",\"display_categories\":\"yes\",\"display_excerpt\":\"yes\",\"display_date\":\"yes\",\"color_overlay\":\"\",\"color_overlay_opacity\":\"\",\"color_overlay_hover_opacity\":\"\",\"card_bg_color\":\"\",\"grid_style\":\"content_under_image\",\"hover_effect\":\"zoom\",\"post_title_overlay\":\"\",\"heading_tag\":\"default\",\"enable_gallery_lightbox\":\"0\",\"overlay_secondary_project_image\":\"\",\"vertical_list_hover_effect\":\"none\",\"vertical_list_read_more\":\"\"}' data-style='content_under_image' data-query='{\"post_type\":\"post\",\"posts_per_page\":\"6\",\"order\":\"DESC\",\"orderby\":\"date\",\"offset\":\"0\",\"cpt_name\":\"post\",\"custom_query_tax\":\"\",\"ignore_sticky_posts\":\"\"}' data-load-more-color='black' data-load-more-text='Load More'><div class=\"nectar-post-grid-filters\" data-active-color=\"default\" data-align=\"default\" data-animation=\"none\" data-sortable=\"\"><h4>Filter<\/h4><div><a href=\"#\" data-filter=\"community\" data-total-count=\"13\">Community<\/a><\/div><\/div><div class=\"nectar-post-grid\" data-indicator=\"yes\" data-indicator-style=\"default\" data-indicator-text-color=\"#fff\" data-indicator-color=\"#000000\" data-indicator-text=\"View\" data-columns=\"2\" data-hover-effect=\"zoom\" data-text-style=\"default\" data-border-radius=\"5px\" data-grid-item-height=\"30vh\" data-grid-spacing=\"25px\" data-text-layout=\"top_left\" data-text-color=\"dark\" data-text-hover-color=\"dark\" data-shadow-hover=\"\" data-animation=\"none\" data-cat-click=\"default\" data-lock-aspect=\"\"  data-text-align=\"left\" data-card=\"\"><div class=\"nectar-post-grid-item\" data-has-img=\"true\"> <div class=\"inner\"><div class=\"nectar-post-grid-item-bg-wrap\"><div class=\"nectar-post-grid-item-bg-wrap-inner\"><a class=\"bg-wrap-link\" aria-label=\"Schools in Estepona, the good, the bad and the downright ridiculous\" href=\"https:\/\/www.perfectplaceestepona.com\/cs\/community\/schools-in-estepona-the-good-the-bad-and-the-downright-ridiculous\/\"><\/a><div class=\"nectar-post-grid-item-bg\" style=\"background-image:url(https:\/\/www.perfectplaceestepona.com\/wp-content\/uploads\/2025\/09\/vecteezy_school-class-background-illustration_23712509-scaled.jpg);\"><\/div><\/div><\/div><div class=\"content\"><a class=\"nectar-post-grid-link\" href=\"https:\/\/www.perfectplaceestepona.com\/cs\/community\/schools-in-estepona-the-good-the-bad-and-the-downright-ridiculous\/\" aria-label=\"Schools in Estepona, the good, the bad and the downright ridiculous\"><\/a><span class=\"meta-category\"><a class=\"community\" href=\"https:\/\/www.perfectplaceestepona.com\/cs\/category\/community\/\">Community<\/a><\/span><div class=\"item-main\"><h3 class=\"post-heading\"><a href=\"https:\/\/www.perfectplaceestepona.com\/cs\/community\/schools-in-estepona-the-good-the-bad-and-the-downright-ridiculous\/\"><span>Schools in Estepona, the good, the bad and the downright ridiculous<\/span><\/a><\/h3><span class=\"meta-date\">12 z\u00e1\u0159\u00ed, 2025<\/span><div class=\"item-meta-extra\"><span class=\"meta-excerpt\">So with 3 kids of 17, one of 19 and one of 23, here at&hellip;<\/span><\/div><\/div><\/div><\/div><\/div><div class=\"nectar-post-grid-item\" data-has-img=\"true\"> <div class=\"inner\"><div class=\"nectar-post-grid-item-bg-wrap\"><div class=\"nectar-post-grid-item-bg-wrap-inner\"><a class=\"bg-wrap-link\" aria-label=\"How the recent ECB&#8217;s Interest Rate Cut Benefits Property Buyers Seeking Mortgages in Spain\" href=\"https:\/\/www.perfectplaceestepona.com\/cs\/community\/how-the-recent-ecbs-interest-rate-cut-benefits-property-buyers-seeking-mortgages-in-spain\/\"><\/a><div class=\"nectar-post-grid-item-bg\" style=\"background-image:url(https:\/\/www.perfectplaceestepona.com\/wp-content\/uploads\/2024\/10\/2024-10_ECB-Interest-Rate-Cut-1-1024x307.jpg);\"><\/div><\/div><\/div><div class=\"content\"><a class=\"nectar-post-grid-link\" href=\"https:\/\/www.perfectplaceestepona.com\/cs\/community\/how-the-recent-ecbs-interest-rate-cut-benefits-property-buyers-seeking-mortgages-in-spain\/\" aria-label=\"How the recent ECB&#8217;s Interest Rate Cut Benefits Property Buyers Seeking Mortgages in Spain\"><\/a><span class=\"meta-category\"><a class=\"community\" href=\"https:\/\/www.perfectplaceestepona.com\/cs\/category\/community\/\">Community<\/a><\/span><div class=\"item-main\"><h3 class=\"post-heading\"><a href=\"https:\/\/www.perfectplaceestepona.com\/cs\/community\/how-the-recent-ecbs-interest-rate-cut-benefits-property-buyers-seeking-mortgages-in-spain\/\"><span>How the recent ECB&#8217;s Interest Rate Cut Benefits Property Buyers Seeking Mortgages in Spain<\/span><\/a><\/h3><span class=\"meta-date\">3 \u0159\u00edjna, 2024<\/span><div class=\"item-meta-extra\"><span class=\"meta-excerpt\">If you're considering buying property in Spain, recent changes in the European Central Bank's (ECB)&hellip;<\/span><\/div><\/div><\/div><\/div><\/div><div class=\"nectar-post-grid-item\" data-has-img=\"true\"> <div class=\"inner\"><div class=\"nectar-post-grid-item-bg-wrap\"><div class=\"nectar-post-grid-item-bg-wrap-inner\"><a class=\"bg-wrap-link\" aria-label=\"Tracey Blackwell Podcast About Estepona\" href=\"https:\/\/www.perfectplaceestepona.com\/cs\/community\/now-you-can-listen-to-us-anytime\/\"><\/a><div class=\"nectar-post-grid-item-bg\" style=\"background-image:url(https:\/\/www.perfectplaceestepona.com\/wp-content\/uploads\/2024\/05\/Screenshot-2024-05-31-at-13.36.01-1024x452.png);\"><\/div><\/div><\/div><div class=\"content\"><a class=\"nectar-post-grid-link\" href=\"https:\/\/www.perfectplaceestepona.com\/cs\/community\/now-you-can-listen-to-us-anytime\/\" aria-label=\"Tracey Blackwell Podcast About Estepona\"><\/a><span class=\"meta-category\"><a class=\"community\" href=\"https:\/\/www.perfectplaceestepona.com\/cs\/category\/community\/\">Community<\/a><\/span><div class=\"item-main\"><h3 class=\"post-heading\"><a href=\"https:\/\/www.perfectplaceestepona.com\/cs\/community\/now-you-can-listen-to-us-anytime\/\"><span>Tracey Blackwell Podcast About Estepona<\/span><\/a><\/h3><span class=\"meta-date\">31 kv\u011btna, 2024<\/span><div class=\"item-meta-extra\"><span class=\"meta-excerpt\">Now you can listen to us anytime! Our new podcast is ready In this episode,&hellip;<\/span><\/div><\/div><\/div><\/div><\/div><div class=\"nectar-post-grid-item\" data-has-img=\"true\"> <div class=\"inner\"><div class=\"nectar-post-grid-item-bg-wrap\"><div class=\"nectar-post-grid-item-bg-wrap-inner\"><a class=\"bg-wrap-link\" aria-label=\"Why Casares?\" href=\"https:\/\/www.perfectplaceestepona.com\/cs\/community\/why-casares\/\"><\/a><div class=\"nectar-post-grid-item-bg\" style=\"background-image:url(https:\/\/www.perfectplaceestepona.com\/wp-content\/uploads\/2024\/02\/casares-pic-1024x461.jpeg);\"><\/div><\/div><\/div><div class=\"content\"><a class=\"nectar-post-grid-link\" href=\"https:\/\/www.perfectplaceestepona.com\/cs\/community\/why-casares\/\" aria-label=\"Why Casares?\"><\/a><span class=\"meta-category\"><a class=\"community\" href=\"https:\/\/www.perfectplaceestepona.com\/cs\/category\/community\/\">Community<\/a><\/span><div class=\"item-main\"><h3 class=\"post-heading\"><a href=\"https:\/\/www.perfectplaceestepona.com\/cs\/community\/why-casares\/\"><span>Why Casares?<\/span><\/a><\/h3><span class=\"meta-date\">4 \u00fanora, 2024<\/span><div class=\"item-meta-extra\"><span class=\"meta-excerpt\">Nestled in the picturesque landscapes of the Costa del Sol in southern Spain, Casares is&hellip;<\/span><\/div><\/div><\/div><\/div><\/div><div class=\"nectar-post-grid-item\" data-has-img=\"true\"> <div class=\"inner\"><div class=\"nectar-post-grid-item-bg-wrap\"><div class=\"nectar-post-grid-item-bg-wrap-inner\"><a class=\"bg-wrap-link\" aria-label=\"Private or Public schools?\" href=\"https:\/\/www.perfectplaceestepona.com\/cs\/community\/535\/\"><\/a><div class=\"nectar-post-grid-item-bg\" style=\"background-image:url(https:\/\/www.perfectplaceestepona.com\/wp-content\/uploads\/2024\/01\/IMG_9433-1024x768.jpg);\"><\/div><\/div><\/div><div class=\"content\"><a class=\"nectar-post-grid-link\" href=\"https:\/\/www.perfectplaceestepona.com\/cs\/community\/535\/\" aria-label=\"Private or Public schools?\"><\/a><span class=\"meta-category\"><a class=\"community\" href=\"https:\/\/www.perfectplaceestepona.com\/cs\/category\/community\/\">Community<\/a><\/span><div class=\"item-main\"><h3 class=\"post-heading\"><a href=\"https:\/\/www.perfectplaceestepona.com\/cs\/community\/535\/\"><span>Private or Public schools?<\/span><\/a><\/h3><span class=\"meta-date\">29 ledna, 2024<\/span><div class=\"item-meta-extra\"><span class=\"meta-excerpt\">So you are moving to Spain with young children and your one of your main&hellip;<\/span><\/div><\/div><\/div><\/div><\/div><div class=\"nectar-post-grid-item\" data-has-img=\"true\"> <div class=\"inner\"><div class=\"nectar-post-grid-item-bg-wrap\"><div class=\"nectar-post-grid-item-bg-wrap-inner\"><a class=\"bg-wrap-link\" aria-label=\"\" href=\"https:\/\/www.perfectplaceestepona.com\/cs\/community\/why-perfect-place-is-the-perfect-estate-agency-for-you\/\"><\/a><div class=\"nectar-post-grid-item-bg\" style=\"background-image:url(https:\/\/www.perfectplaceestepona.com\/wp-content\/uploads\/2022\/05\/new-perfect-place-logo-1024x776.png);\"><\/div><\/div><\/div><div class=\"content\"><a class=\"nectar-post-grid-link\" href=\"https:\/\/www.perfectplaceestepona.com\/cs\/community\/why-perfect-place-is-the-perfect-estate-agency-for-you\/\" aria-label=\"\"><\/a><span class=\"meta-category\"><a class=\"community\" href=\"https:\/\/www.perfectplaceestepona.com\/cs\/category\/community\/\">Community<\/a><\/span><div class=\"item-main\"><h3 class=\"post-heading\"><a href=\"https:\/\/www.perfectplaceestepona.com\/cs\/community\/why-perfect-place-is-the-perfect-estate-agency-for-you\/\"><span><\/span><\/a><\/h3><span class=\"meta-date\">22 ledna, 2024<\/span><div class=\"item-meta-extra\"><span class=\"meta-excerpt\">Why Perfect Place is the perfect Estate Agency for you If there is one thing&hellip;<\/span><\/div><\/div><\/div><\/div><\/div><\/div><\/div>\n\t\t\t<\/div> \n\t\t<\/div>\n\t<\/div> \n<\/div><\/div>","protected":false},"excerpt":{"rendered":"Why Perfect Place is the perfect Estate Agency for you If there is one thing that our beautiful Estepona is full of, it is people who would love to sell...","protected":false},"author":1,"featured_media":0,"parent":0,"menu_order":0,"comment_status":"closed","ping_status":"closed","template":"","meta":{"footnotes":""},"class_list":["post-332","page","type-page","status-publish"],"_links":{"self":[{"href":"https:\/\/www.perfectplaceestepona.com\/cs\/wp-json\/wp\/v2\/pages\/332","targetHints":{"allow":["GET"]}}],"collection":[{"href":"https:\/\/www.perfectplaceestepona.com\/cs\/wp-json\/wp\/v2\/pages"}],"about":[{"href":"https:\/\/www.perfectplaceestepona.com\/cs\/wp-json\/wp\/v2\/types\/page"}],"author":[{"embeddable":true,"href":"https:\/\/www.perfectplaceestepona.com\/cs\/wp-json\/wp\/v2\/users\/1"}],"replies":[{"embeddable":true,"href":"https:\/\/www.perfectplaceestepona.com\/cs\/wp-json\/wp\/v2\/comments?post=332"}],"version-history":[{"count":8,"href":"https:\/\/www.perfectplaceestepona.com\/cs\/wp-json\/wp\/v2\/pages\/332\/revisions"}],"predecessor-version":[{"id":644,"href":"https:\/\/www.perfectplaceestepona.com\/cs\/wp-json\/wp\/v2\/pages\/332\/revisions\/644"}],"wp:attachment":[{"href":"https:\/\/www.perfectplaceestepona.com\/cs\/wp-json\/wp\/v2\/media?parent=332"}],"curies":[{"name":"wp","href":"https:\/\/api.w.org\/{rel}","templated":true}]}}